{"id":6392,"date":"2025-08-06T09:04:57","date_gmt":"2025-08-06T07:04:57","guid":{"rendered":"https:\/\/inquino.nl\/inspiratie-woonideeen\/"},"modified":"2025-08-06T09:05:47","modified_gmt":"2025-08-06T07:05:47","slug":"entdecken-sie-die-welt-des-wohnens","status":"publish","type":"page","link":"https:\/\/inquino.nl\/de\/entdecken-sie-die-welt-des-wohnens\/","title":{"rendered":"Entdecken Sie die Welt des Wohnens"},"content":{"rendered":"<p>Tauchen Sie ein in unsere vielf\u00e4ltige Sammlung an Inspirationen, Trends und cleveren L\u00f6sungen. Ganz gleich, ob Sie sich neu einrichten, einen Raum umgestalten m\u00f6chten oder einfach nur auf der Suche nach dem perfekten Detail sind: Hier finden Sie frische Ideen, die Sie begeistern und dazu anregen werden, Ihre Wohntr\u00e4ume Wirklichkeit werden zu lassen. Lassen Sie sich inspirieren und gestalten Sie Ihr ganz pers\u00f6nliches Wohlf\u00fchlzause!<\/p>\n","protected":false},"excerpt":{"rendered":"<p>Tauchen Sie ein in unsere vielf\u00e4ltige Sammlung an Inspirationen, Trends und cleveren L\u00f6sungen. Ganz gleich, ob Sie sich neu einrichten, einen Raum umgestalten m\u00f6chten oder einfach nur auf der Suche nach dem perfekten Detail sind: Hier finden Sie frische Ideen, die Sie begeistern und dazu anregen werden, Ihre Wohntr\u00e4ume Wirklichkeit werden zu lassen. Lassen Sie &hellip;<\/p>\n","protected":false},"author":1,"featured_media":0,"parent":0,"menu_order":0,"comment_status":"closed","ping_status":"closed","template":"page-templates\/diversity.php","meta":{"footnotes":""},"class_list":["post-6392","page","type-page","status-publish"],"_links":{"self":[{"href":"https:\/\/inquino.nl\/de\/wp-json\/wp\/v2\/pages\/6392","targetHints":{"allow":["GET"]}}],"collection":[{"href":"https:\/\/inquino.nl\/de\/wp-json\/wp\/v2\/pages"}],"about":[{"href":"https:\/\/inquino.nl\/de\/wp-json\/wp\/v2\/types\/page"}],"author":[{"embeddable":true,"href":"https:\/\/inquino.nl\/de\/wp-json\/wp\/v2\/users\/1"}],"replies":[{"embeddable":true,"href":"https:\/\/inquino.nl\/de\/wp-json\/wp\/v2\/comments?post=6392"}],"version-history":[{"count":1,"href":"https:\/\/inquino.nl\/de\/wp-json\/wp\/v2\/pages\/6392\/revisions"}],"predecessor-version":[{"id":6393,"href":"https:\/\/inquino.nl\/de\/wp-json\/wp\/v2\/pages\/6392\/revisions\/6393"}],"wp:attachment":[{"href":"https:\/\/inquino.nl\/de\/wp-json\/wp\/v2\/media?parent=6392"}],"curies":[{"name":"wp","href":"https:\/\/api.w.org\/{rel}","templated":true}]}}