{"id":577,"date":"2019-06-13T13:28:48","date_gmt":"2019-06-13T11:28:48","guid":{"rendered":"https:\/\/invido.de\/?page_id=577"},"modified":"2025-08-06T09:01:20","modified_gmt":"2025-08-06T07:01:20","slug":"wohnbereiche-gestalten","status":"publish","type":"page","link":"https:\/\/inquino.nl\/de\/wohnbereiche-gestalten\/","title":{"rendered":"Wohnbereiche gestalten"},"content":{"rendered":"<p>Mit InQuino k\u00f6nnen Sie jedem Raum Einzigartigkeit verleihen. Durch die zahlreichen Kombinationsm\u00f6glichkeiten und Details ist jeder Raum ein Unikat. M\u00f6bel von InQuino sind so einzigartig wie Sie. Lassen Sie sich inspirieren und Ihren W\u00fcnschen und Ihrer Kreativit\u00e4t freien Lauf.<\/p>\n","protected":false},"excerpt":{"rendered":"<p>Mit InQuino k\u00f6nnen Sie jedem Raum Einzigartigkeit verleihen. Durch die zahlreichen Kombinationsm\u00f6glichkeiten und Details ist jeder Raum ein Unikat. M\u00f6bel von InQuino sind so einzigartig wie Sie. Lassen Sie sich inspirieren und Ihren W\u00fcnschen und Ihrer Kreativit\u00e4t freien Lauf.<\/p>\n","protected":false},"author":1,"featured_media":0,"parent":0,"menu_order":17,"comment_status":"closed","ping_status":"closed","template":"page-templates\/archive.php","meta":{"footnotes":""},"class_list":["post-577","page","type-page","status-publish"],"_links":{"self":[{"href":"https:\/\/inquino.nl\/de\/wp-json\/wp\/v2\/pages\/577","targetHints":{"allow":["GET"]}}],"collection":[{"href":"https:\/\/inquino.nl\/de\/wp-json\/wp\/v2\/pages"}],"about":[{"href":"https:\/\/inquino.nl\/de\/wp-json\/wp\/v2\/types\/page"}],"author":[{"embeddable":true,"href":"https:\/\/inquino.nl\/de\/wp-json\/wp\/v2\/users\/1"}],"replies":[{"embeddable":true,"href":"https:\/\/inquino.nl\/de\/wp-json\/wp\/v2\/comments?post=577"}],"version-history":[{"count":3,"href":"https:\/\/inquino.nl\/de\/wp-json\/wp\/v2\/pages\/577\/revisions"}],"predecessor-version":[{"id":4740,"href":"https:\/\/inquino.nl\/de\/wp-json\/wp\/v2\/pages\/577\/revisions\/4740"}],"wp:attachment":[{"href":"https:\/\/inquino.nl\/de\/wp-json\/wp\/v2\/media?parent=577"}],"curies":[{"name":"wp","href":"https:\/\/api.w.org\/{rel}","templated":true}]}}