{"id":5044,"date":"2022-12-12T14:45:19","date_gmt":"2022-12-12T13:45:19","guid":{"rendered":"https:\/\/inquino.de\/?page_id=5044"},"modified":"2022-12-12T16:00:04","modified_gmt":"2022-12-12T15:00:04","slug":"kleiderschraenke-und-ankleide","status":"publish","type":"page","link":"https:\/\/inquino.nl\/de\/produkte\/einbaumoebel\/kleiderschraenke-und-ankleide\/","title":{"rendered":"Kleiderschr\u00e4nke und Ankleide"},"content":{"rendered":"<h3>Elegante Haute Couture, Smart Casual oder Urban Street Style \u2013 Ihre Mode ist Ausdruck Ihrer Pers\u00f6nlichkeit und unterstreicht Ihren eigenen Stil.<\/h3>\n<p>Lassen Sie sich bei der Gestaltung Ihres Kleiderschrankes nicht bremsen und konfigurieren Sie Ihre Ankleide ganz nach Ihren individuellen Bed\u00fcrfnissen. Positionieren Sie Regale, Schubk\u00e4sten und Kleiderstangen ganz praktisch und in Anordnung Ihrer eigenen Alltagsabl\u00e4ufe. Einen pr\u00fcfenden Blick auf Ihr Outfit erm\u00f6glichen Spiegelfronten an Schiebe- oder Dreht\u00fcren. Eine Reihe unterschiedlicher Beleuchtungssysteme sorgt f\u00fcr Licht und Ambiente in Ihrer pers\u00f6nlichen Garderobe.<\/p>\n<p>Ablagen, Sitzgelegenheiten, Schminktisch und Schmuckschr\u00e4nke lassen sich im gleichen Stil erg\u00e4nzen. Mit Ihrem ma\u00dfgeschneiderten Kleiderschrank nutzen Sie jeden Zentimeter Ihres pers\u00f6nlichen Catwalk von der Hutschachtel bis zu Ihrem Schuhregal.<\/p>\n","protected":false},"excerpt":{"rendered":"<p>Elegante Haute Couture, Smart Casual oder Urban Street Style \u2013 Ihre Mode ist Ausdruck Ihrer Pers\u00f6nlichkeit und unterstreicht Ihren eigenen Stil. Lassen Sie sich bei der Gestaltung Ihres Kleiderschrankes nicht bremsen und konfigurieren Sie Ihre Ankleide ganz nach Ihren individuellen Bed\u00fcrfnissen. Positionieren Sie Regale, Schubk\u00e4sten und Kleiderstangen ganz praktisch und in Anordnung Ihrer eigenen Alltagsabl\u00e4ufe. &hellip;<\/p>\n","protected":false},"author":1,"featured_media":5045,"parent":20,"menu_order":3,"comment_status":"closed","ping_status":"closed","template":"","meta":{"footnotes":""},"class_list":["post-5044","page","type-page","status-publish","has-post-thumbnail"],"_links":{"self":[{"href":"https:\/\/inquino.nl\/de\/wp-json\/wp\/v2\/pages\/5044","targetHints":{"allow":["GET"]}}],"collection":[{"href":"https:\/\/inquino.nl\/de\/wp-json\/wp\/v2\/pages"}],"about":[{"href":"https:\/\/inquino.nl\/de\/wp-json\/wp\/v2\/types\/page"}],"author":[{"embeddable":true,"href":"https:\/\/inquino.nl\/de\/wp-json\/wp\/v2\/users\/1"}],"replies":[{"embeddable":true,"href":"https:\/\/inquino.nl\/de\/wp-json\/wp\/v2\/comments?post=5044"}],"version-history":[{"count":1,"href":"https:\/\/inquino.nl\/de\/wp-json\/wp\/v2\/pages\/5044\/revisions"}],"predecessor-version":[{"id":5085,"href":"https:\/\/inquino.nl\/de\/wp-json\/wp\/v2\/pages\/5044\/revisions\/5085"}],"up":[{"embeddable":true,"href":"https:\/\/inquino.nl\/de\/wp-json\/wp\/v2\/pages\/20"}],"wp:featuredmedia":[{"embeddable":true,"href":"https:\/\/inquino.nl\/de\/wp-json\/wp\/v2\/media\/5045"}],"wp:attachment":[{"href":"https:\/\/inquino.nl\/de\/wp-json\/wp\/v2\/media?parent=5044"}],"curies":[{"name":"wp","href":"https:\/\/api.w.org\/{rel}","templated":true}]}}