{"id":4848,"date":"2022-12-12T14:26:08","date_gmt":"2022-12-12T13:26:08","guid":{"rendered":"https:\/\/inquino.de\/?page_id=4848"},"modified":"2022-12-12T15:58:22","modified_gmt":"2022-12-12T14:58:22","slug":"schiebetueren-als-raumtueren","status":"publish","type":"page","link":"https:\/\/inquino.nl\/de\/produkte\/schiebetueren\/schiebetueren-als-raumtueren\/","title":{"rendered":"Schiebet\u00fcren als Raumt\u00fcren"},"content":{"rendered":"<p>Schiebet\u00fcren bieten als Raumtrenner flexibel M\u00f6glichkeit, R\u00e4ume vielseitig zu nutzen und gro\u00dfz\u00fcgige Loft-R\u00e4ume bei Bedarf schnell in kleine Wohnbereiche umzugestalten und thematisch zu trennen. So entstehen Ruhezonen, Chill Corner, Spiel- und Leseecken, die schnell wieder zu einem gro\u00dfen Familien Raum vereint werden k\u00f6nnen.<\/p>\n<p>Einen fast schon klassischen Einsatz finden Schiebet\u00fcren, um Essbereich und K\u00fcchenbereich auf Wunsch zu trennen oder in einen gro\u00dfen Ess-\/Wohnbereich zu \u00f6ffnen.<\/p>\n","protected":false},"excerpt":{"rendered":"<p>Schiebet\u00fcren bieten als Raumtrenner flexibel M\u00f6glichkeit, R\u00e4ume vielseitig zu nutzen und gro\u00dfz\u00fcgige Loft-R\u00e4ume bei Bedarf schnell in kleine Wohnbereiche umzugestalten und thematisch zu trennen. So entstehen Ruhezonen, Chill Corner, Spiel- und Leseecken, die schnell wieder zu einem gro\u00dfen Familien Raum vereint werden k\u00f6nnen. Einen fast schon klassischen Einsatz finden Schiebet\u00fcren, um Essbereich und K\u00fcchenbereich auf &hellip;<\/p>\n","protected":false},"author":1,"featured_media":4877,"parent":4785,"menu_order":0,"comment_status":"closed","ping_status":"closed","template":"","meta":{"footnotes":""},"class_list":["post-4848","page","type-page","status-publish","has-post-thumbnail"],"_links":{"self":[{"href":"https:\/\/inquino.nl\/de\/wp-json\/wp\/v2\/pages\/4848","targetHints":{"allow":["GET"]}}],"collection":[{"href":"https:\/\/inquino.nl\/de\/wp-json\/wp\/v2\/pages"}],"about":[{"href":"https:\/\/inquino.nl\/de\/wp-json\/wp\/v2\/types\/page"}],"author":[{"embeddable":true,"href":"https:\/\/inquino.nl\/de\/wp-json\/wp\/v2\/users\/1"}],"replies":[{"embeddable":true,"href":"https:\/\/inquino.nl\/de\/wp-json\/wp\/v2\/comments?post=4848"}],"version-history":[{"count":1,"href":"https:\/\/inquino.nl\/de\/wp-json\/wp\/v2\/pages\/4848\/revisions"}],"predecessor-version":[{"id":4905,"href":"https:\/\/inquino.nl\/de\/wp-json\/wp\/v2\/pages\/4848\/revisions\/4905"}],"up":[{"embeddable":true,"href":"https:\/\/inquino.nl\/de\/wp-json\/wp\/v2\/pages\/4785"}],"wp:featuredmedia":[{"embeddable":true,"href":"https:\/\/inquino.nl\/de\/wp-json\/wp\/v2\/media\/4877"}],"wp:attachment":[{"href":"https:\/\/inquino.nl\/de\/wp-json\/wp\/v2\/media?parent=4848"}],"curies":[{"name":"wp","href":"https:\/\/api.w.org\/{rel}","templated":true}]}}