{"id":4773,"date":"2022-12-12T13:51:17","date_gmt":"2022-12-12T12:51:17","guid":{"rendered":"https:\/\/inquino.de\/?page_id=4773"},"modified":"2022-12-12T15:39:11","modified_gmt":"2022-12-12T14:39:11","slug":"solitaere-moebel","status":"publish","type":"page","link":"https:\/\/inquino.nl\/de\/produkte\/solitaere-moebel\/","title":{"rendered":"Solit\u00e4re M\u00f6bel"},"content":{"rendered":"<h3>Solit\u00e4rm\u00f6bel wirken solo, also allein im Raum stehend \u2013<br \/>\nelegant und chic.<\/h3>\n<p>Das individuelle Angebot umfasst M\u00f6bel auf Sockeln, F\u00fcssen, Rollen ebenso wie M\u00f6bel mit H\u00e4ngeschrankbeschlag. Ein Solit\u00e4rm\u00f6bel setzt sich selbst gekonnt in Szene.<\/p>\n<p>Viele Farbspiele und unendliche viele M\u00f6glichkeiten f\u00fcr kreative Oberfl\u00e4chen im Mix geben die M\u00f6glichkeit, individuell Einzelm\u00f6bel auf Ma\u00df zu gestalten. Mit der breiten Palette unterschiedlicher Materialien wie Echtholz-Furnier, Lack und Glas ist unglaublich viel m\u00f6glich. Mit Lichtb\u00e4ndern, Aufbauleuchten oder Spots k\u00f6nnen zus\u00e4tzlich effektvolle Akzente gesetzt werden. Die gro\u00dfe Gestaltungsfreiheit l\u00e4sst keinen Wunsch offen.<\/p>\n","protected":false},"excerpt":{"rendered":"<p>Solit\u00e4rm\u00f6bel wirken solo, also allein im Raum stehend \u2013 elegant und chic. Das individuelle Angebot umfasst M\u00f6bel auf Sockeln, F\u00fcssen, Rollen ebenso wie M\u00f6bel mit H\u00e4ngeschrankbeschlag. Ein Solit\u00e4rm\u00f6bel setzt sich selbst gekonnt in Szene. Viele Farbspiele und unendliche viele M\u00f6glichkeiten f\u00fcr kreative Oberfl\u00e4chen im Mix geben die M\u00f6glichkeit, individuell Einzelm\u00f6bel auf Ma\u00df zu gestalten. Mit &hellip;<\/p>\n","protected":false},"author":1,"featured_media":0,"parent":2,"menu_order":2,"comment_status":"closed","ping_status":"closed","template":"page-templates\/products.php","meta":{"footnotes":""},"class_list":["post-4773","page","type-page","status-publish"],"_links":{"self":[{"href":"https:\/\/inquino.nl\/de\/wp-json\/wp\/v2\/pages\/4773","targetHints":{"allow":["GET"]}}],"collection":[{"href":"https:\/\/inquino.nl\/de\/wp-json\/wp\/v2\/pages"}],"about":[{"href":"https:\/\/inquino.nl\/de\/wp-json\/wp\/v2\/types\/page"}],"author":[{"embeddable":true,"href":"https:\/\/inquino.nl\/de\/wp-json\/wp\/v2\/users\/1"}],"replies":[{"embeddable":true,"href":"https:\/\/inquino.nl\/de\/wp-json\/wp\/v2\/comments?post=4773"}],"version-history":[{"count":1,"href":"https:\/\/inquino.nl\/de\/wp-json\/wp\/v2\/pages\/4773\/revisions"}],"predecessor-version":[{"id":4774,"href":"https:\/\/inquino.nl\/de\/wp-json\/wp\/v2\/pages\/4773\/revisions\/4774"}],"up":[{"embeddable":true,"href":"https:\/\/inquino.nl\/de\/wp-json\/wp\/v2\/pages\/2"}],"wp:attachment":[{"href":"https:\/\/inquino.nl\/de\/wp-json\/wp\/v2\/media?parent=4773"}],"curies":[{"name":"wp","href":"https:\/\/api.w.org\/{rel}","templated":true}]}}