{"id":19,"date":"2019-02-25T13:41:34","date_gmt":"2019-02-25T12:41:34","guid":{"rendered":"https:\/\/invido.de\/?page_id=19"},"modified":"2025-08-06T09:01:19","modified_gmt":"2025-08-06T07:01:19","slug":"willkommen-bei-invido","status":"publish","type":"page","link":"https:\/\/inquino.nl\/de\/","title":{"rendered":"Vom Raum zum Traum"},"content":{"rendered":"<p>Wohnen ist mehr als vier W\u00e4nde und ein Dach \u00fcber dem Kopf zu haben. Wohnen hei\u00dft, Ihrem Raum Bedeutung und Individualit\u00e4t zu geben.<\/p>\n<p>Mit InQuino verwirklichen Sie Ihren Wunsch-Wohntraum vom ma\u00dfgefertigten M\u00f6bel. So lassen sich auch schwierige Raumsituationen, wie Dachschr\u00e4gen, Raumnischen oder asymetrische Grundrisse effektiv nutzen. InQuino ist Ihr ganz pers\u00f6nliches M\u00f6belsystem, ohne Systemm\u00f6bel zu sein.<\/p>\n<p><a class=\"button\" href=\"https:\/\/inquino.nl\/de\/ueber\/\" title=\"\u00dcber InQuino\">\u00dcber InQuino<\/a><\/p>\n","protected":false},"excerpt":{"rendered":"<p>Wohnen ist mehr als vier W\u00e4nde und ein Dach \u00fcber dem Kopf zu haben. Wohnen hei\u00dft, Ihrem Raum Bedeutung und Individualit\u00e4t zu geben. Mit InQuino verwirklichen Sie Ihren Wunsch-Wohntraum vom ma\u00dfgefertigten M\u00f6bel. So lassen sich auch schwierige Raumsituationen, wie Dachschr\u00e4gen, Raumnischen oder asymetrische Grundrisse effektiv nutzen. InQuino ist Ihr ganz pers\u00f6nliches M\u00f6belsystem, ohne Systemm\u00f6bel zu &hellip;<\/p>\n","protected":false},"author":1,"featured_media":4624,"parent":0,"menu_order":9,"comment_status":"closed","ping_status":"closed","template":"page-templates\/front-page.php","meta":{"footnotes":""},"class_list":["post-19","page","type-page","status-publish","has-post-thumbnail"],"_links":{"self":[{"href":"https:\/\/inquino.nl\/de\/wp-json\/wp\/v2\/pages\/19","targetHints":{"allow":["GET"]}}],"collection":[{"href":"https:\/\/inquino.nl\/de\/wp-json\/wp\/v2\/pages"}],"about":[{"href":"https:\/\/inquino.nl\/de\/wp-json\/wp\/v2\/types\/page"}],"author":[{"embeddable":true,"href":"https:\/\/inquino.nl\/de\/wp-json\/wp\/v2\/users\/1"}],"replies":[{"embeddable":true,"href":"https:\/\/inquino.nl\/de\/wp-json\/wp\/v2\/comments?post=19"}],"version-history":[{"count":3,"href":"https:\/\/inquino.nl\/de\/wp-json\/wp\/v2\/pages\/19\/revisions"}],"predecessor-version":[{"id":701,"href":"https:\/\/inquino.nl\/de\/wp-json\/wp\/v2\/pages\/19\/revisions\/701"}],"wp:featuredmedia":[{"embeddable":true,"href":"https:\/\/inquino.nl\/de\/wp-json\/wp\/v2\/media\/4624"}],"wp:attachment":[{"href":"https:\/\/inquino.nl\/de\/wp-json\/wp\/v2\/media?parent=19"}],"curies":[{"name":"wp","href":"https:\/\/api.w.org\/{rel}","templated":true}]}}